{"id":66,"date":"2023-06-27T15:49:59","date_gmt":"2023-06-27T13:49:59","guid":{"rendered":"https:\/\/www.voiceinprogress.it\/it\/?page_id=66"},"modified":"2024-04-30T17:01:02","modified_gmt":"2024-04-30T15:01:02","slug":"chi-siamo","status":"publish","type":"page","link":"https:\/\/www.voiceinprogress.it\/it\/chi-siamo\/","title":{"rendered":"Chi siamo"},"content":{"rendered":"<div data-colibri-id=\"66-c1\" class=\"style-399 style-local-66-c1 position-relative\">\n  <!---->\n  <div data-colibri-component=\"section\" data-colibri-id=\"66-c2\" id=\"initial-content\" class=\"h-section h-section-global-spacing d-flex align-items-lg-center align-items-md-center align-items-center style-400 style-local-66-c2 position-relative\">\n    <!---->\n    <!---->\n    <div class=\"h-section-grid-container h-section-boxed-container\">\n      <!---->\n      <div data-colibri-id=\"66-c3\" class=\"h-row-container gutters-row-lg-2 gutters-row-md-2 gutters-row-0 gutters-row-v-lg-2 gutters-row-v-md-2 gutters-row-v-2 style-401 style-local-66-c3 position-relative\">\n        <!---->\n        <div class=\"h-row justify-content-lg-center justify-content-md-center justify-content-center align-items-lg-stretch align-items-md-stretch align-items-stretch gutters-col-lg-2 gutters-col-md-2 gutters-col-0 gutters-col-v-lg-2 gutters-col-v-md-2 gutters-col-v-2\">\n          <!---->\n          <div class=\"h-column h-column-container d-flex h-col-lg-auto h-col-md-auto h-col-auto style-402-outer style-local-66-c4-outer\">\n            <div data-colibri-id=\"66-c4\" class=\"d-flex h-flex-basis h-column__inner h-px-lg-2 h-px-md-2 h-px-2 v-inner-lg-2 v-inner-md-2 v-inner-2 style-402 style-local-66-c4 position-relative\">\n              <!---->\n              <!---->\n              <div class=\"w-100 h-y-container h-column__content h-column__v-align flex-basis-100 align-self-lg-start align-self-md-start align-self-start\">\n                <!---->\n                <div data-colibri-id=\"66-c5\" class=\"style-403 style-local-66-c5 position-relative h-element\">\n                  <!---->\n                  <div>\n                    \n                    <p><strong>\u201cCORO VOICE IN PROGRESS\u201d<\/strong>\n                      <br>Citt\u00e0 di Padova\n                      <br>diretto da Matteo Morgan<\/p>\n                    \n\n                    \n                    <figure class=\"wp-block-image size-large\">\n                      <img decoding=\"async\" src=\"https:\/\/www.voiceinprogress.it\/it\/wp-content\/uploads\/2023\/06\/formazione2018-960x541.jpg\" alt=\"\" class=\"wp-image-75\" style=\"object-fit:cover\">\n                    <\/figure>\n                    \n\n                    \n                    <p>Il \u201cCoro Voice In Progress\u201d detto anche Coro Vip, nasce nel giugno 2005 a Selvazzano Dentro per iniziativa di un gruppo di amici amanti del canto corale sotto la direzione di Matteo Morgan che ha portato il gruppo ad esplorare il canto\n                      corale nelle sue varie sfaccettature, dal canto popolare alla musica sacra, fino al gospel e alla pi\u00f9 recente musica leggera, cercando di conferire la giusta espressivit\u00e0 e interpretazione che ogni genere richiede.\n                      <br>Ad oggi il coro si esibito in pi\u00f9 di cento concerti, in particolar modo in ambito locale e regionale, partecipando a diverse edizioni di \u201cVenezia in coro\u201d e al \u201cV festival della coralit\u00e0 Veneta\u201d.\n                      <br>Il Coro Vip ha partecipato a dei concerti in Emilia Romagna e in Lombardia.\n                      <br>\n                      <br>L\u2019aspetto della solidariet\u00e0 \u00e8 tenuto in forte considerazione dal Coro VIP e ci\u00f2 si esprime aderendo a concerti a scopo benefico come accade ormai di consueto, collaborando con vari enti.\n                      <br>Dal 2009 organizza a Selvazzano la rassegna di canto corale \u201cEstate in Coro\u201d e dal 2012 a cadenza biennale viene proposta la rassegna natalizia \u201cI Suoni del Natale\u201d.\n                      <br>Nel 2015, in occasione del decennale di attivit\u00e0, il Coro Vip pubblica la prima incisione discografica denominata \u201cHappy Together\u201d che raccoglie buona parte del repertorio.<\/p>\n                    \n\n                    \n                    <p>L\u2019impegno, la ricerca di nuovi brani, la cura della vocalit\u00e0 proseguono e rispecchiano il principio contenuto nel nome stesso del coro che significa: Voce in evoluzione!<\/p>\n                    \n                  <\/div>\n                <\/div>\n              <\/div>\n            <\/div>\n          <\/div>\n        <\/div>\n      <\/div>\n    <\/div>\n  <\/div>\n<\/div>","protected":false},"excerpt":{"rendered":"<p>\u201cCORO VOICE IN PROGRESS\u201d Citt\u00e0 di Padova diretto da Matteo Morgan Il \u201cCoro Voice In Progress\u201d detto anche Coro Vip, nasce nel giugno 2005 a Selvazzano Dentro per iniziativa di un gruppo di amici amanti del canto corale sotto la direzione di Matteo Morgan che ha portato il gruppo ad esplorare il canto corale nelle [&hellip;]<\/p>\n","protected":false},"author":1,"featured_media":0,"parent":0,"menu_order":0,"comment_status":"closed","ping_status":"closed","template":"page-templates\/full-width-page.php","meta":{"footnotes":""},"class_list":["post-66","page","type-page","status-publish","hentry"],"_links":{"self":[{"href":"https:\/\/www.voiceinprogress.it\/it\/wp-json\/wp\/v2\/pages\/66","targetHints":{"allow":["GET"]}}],"collection":[{"href":"https:\/\/www.voiceinprogress.it\/it\/wp-json\/wp\/v2\/pages"}],"about":[{"href":"https:\/\/www.voiceinprogress.it\/it\/wp-json\/wp\/v2\/types\/page"}],"author":[{"embeddable":true,"href":"https:\/\/www.voiceinprogress.it\/it\/wp-json\/wp\/v2\/users\/1"}],"replies":[{"embeddable":true,"href":"https:\/\/www.voiceinprogress.it\/it\/wp-json\/wp\/v2\/comments?post=66"}],"version-history":[{"count":10,"href":"https:\/\/www.voiceinprogress.it\/it\/wp-json\/wp\/v2\/pages\/66\/revisions"}],"predecessor-version":[{"id":967,"href":"https:\/\/www.voiceinprogress.it\/it\/wp-json\/wp\/v2\/pages\/66\/revisions\/967"}],"wp:attachment":[{"href":"https:\/\/www.voiceinprogress.it\/it\/wp-json\/wp\/v2\/media?parent=66"}],"curies":[{"name":"wp","href":"https:\/\/api.w.org\/{rel}","templated":true}]}}